{"id":389,"date":"2023-05-23T09:22:59","date_gmt":"2023-05-23T09:22:59","guid":{"rendered":"https:\/\/prnosevende.com\/?page_id=389"},"modified":"2024-10-02T12:27:09","modified_gmt":"2024-10-02T12:27:09","slug":"toma-accion","status":"publish","type":"page","link":"https:\/\/prnosevende.com\/en\/toma-accion\/","title":{"rendered":"Take Action"},"content":{"rendered":"<div class=\"wp-block-cover alignfull is-light mb-0\" style=\"margin-top:0px;margin-bottom:0px;padding-top:0px;padding-right:0px;padding-bottom:0px;padding-left:0px;min-height:800px;aspect-ratio:unset;\"><span aria-hidden=\"true\" class=\"wp-block-cover__background has-base-background-color has-background-dim-100 has-background-dim\"><\/span><div class=\"wp-block-cover__inner-container is-layout-flow wp-block-cover-is-layout-flow\">\n<div style=\"height:100px\" aria-hidden=\"true\" class=\"wp-block-spacer\"><\/div>\n\n\n\n<div class=\"wp-block-group has-global-padding is-layout-constrained wp-block-group-is-layout-constrained\">\n<h1 class=\"wp-block-heading has-text-align-left has-contrast-2-color has-text-color has-link-color wp-elements-2189f89de85b6e75c406fd2665617404\"><strong>\u00a1Fiscalicen a los Beneficiarios de la Ley 22!<\/strong><\/h1>\n\n\n\n<p class=\"has-text-align-left\">\u00a1Es hora de que Manuel Cidre y el Departamento de Desarrollo Econ\u00f3mico cumplan con su responsabilidad y las comunidades puertorrique\u00f1as. Ya son m\u00e1s de dos a\u00f1os de espera por la entrega de informes y fiscalizaci\u00f3n de beneficiarios de la Ley 22 que incumplen con los requisitos para mantener el decreto.<\/p>\n\n\n\n<p class=\"has-text-align-left\">\u00a1Toma acci\u00f3n envi\u00e1ndole un mensaje a Manuel Cidre y al DDEC exigiendo transparencia y la derogaci\u00f3n de la Ley 22\/Ley 60 en Puerto Rico!<\/p>\n<\/div>\n\n\n\n<div class=\"wp-block-coblocks-row coblocks-row-31575956721\" data-columns=\"2\" data-layout=\"50-50\"><div class=\"wp-block-coblocks-row__inner has-padding has-huge-padding has-no-margin is-stacked-on-mobile has-large-gutter\">\n<div class=\"wp-block-coblocks-column is-vertically-aligned-top coblocks-column-31575958359\" style=\"width:50%\"><div class=\"wp-block-coblocks-column__inner has-no-padding has-no-margin\">\n<p class=\"has-text-align-center has-palette-color-1-color has-text-color has-link-color wp-elements-6f09f62623592fad86570b520735f070\"><strong>Haga clic para enviar un correo electr\u00f3nico<\/strong><\/p>\n\n\n\n<link rel='preload' href='https:\/\/static.everyaction.com\/ea-actiontag\/at.js' as='script' crossorigin='anonymous'>\n <link rel='preload' href='https:\/\/static.everyaction.com\/ea-actiontag\/at.min.css' as='style'>\n <script type='text\/javascript' src='https:\/\/static.everyaction.com\/ea-actiontag\/at.js' crossorigin='anonymous'><\/script>\n  <div class=\"ngp-form\"\n     data-form-url=\"https:\/\/advocator.ngpvan.com\/https%3a%2f%2fsecure.everyaction.com%2fv1%2fForms%2f97VimjuJsUu-jiXS586ONw2\/ngpForm\"\n          data-fastaction-endpoint=\"https:\/\/fastaction.ngpvan.com\"\n     data-inline-errors=\"true\"\n     data-fastaction-nologin=\"true\"\n     data-databag-endpoint=\"https:\/\/profile.ngpvan.com\"\n     data-databag=\"everybody\"\n          data-mobile-autofocus=\"false\">\n<\/div>\n\n\n\n<div style=\"height:30px\" aria-hidden=\"true\" class=\"wp-block-spacer\"><\/div>\n<\/div><\/div>\n\n\n\n<div class=\"wp-block-coblocks-column is-vertically-aligned-top coblocks-column-31575958361\" style=\"width:50%\"><div class=\"wp-block-coblocks-column__inner has-no-padding has-no-margin\">\n<p class=\"has-text-align-center has-palette-color-1-color has-text-color has-link-color wp-elements-f0b4a9b290ddbbb7c1c43a84f0741be0\"><strong>Haga clic para twittear<\/strong><\/p>\n\n\n\n<script type=\"text\/javascript\" src=\"https:\/\/assets.targetedaction.net\/embed.js\"><\/script>\n<div class=\"oa-page-embed\" data-page-url=\"https:\/\/secure.everyaction.com\/p\/3FyHwBRRKUq0B1X_NBGuOA2\"><\/div>\n<\/div><\/div>\n<\/div><\/div>\n\n\n\n<div style=\"height:100px\" aria-hidden=\"true\" class=\"wp-block-spacer\"><\/div>\n\n\n\n<h1 class=\"wp-block-heading has-text-align-center has-palette-color-2-color has-text-color mt-0 pt-0\" style=\"padding-top:0px;padding-right:0px;padding-bottom:0px;padding-left:0px\"><strong><a href=\"sms:25463\/?&amp;body=LEY22\" title=\"\">Textea <\/a><\/strong><a href=\"sms:25463\/?&amp;body=LEY22\" title=\"\">LEY22<\/a><strong><a href=\"sms:25463\/?&amp;body=LEY22\" title=\"\"> al 25463<\/a><\/strong><\/h1>\n\n\n\n<div style=\"height:100px\" aria-hidden=\"true\" class=\"wp-block-spacer\"><\/div>\n\n\n\n<figure class=\"wp-block-image aligncenter size-medium is-resized wp-duotone-duotone-2\"><img loading=\"lazy\" decoding=\"async\" width=\"300\" height=\"104\" src=\"https:\/\/prnosevende.com\/wp-content\/uploads\/2023\/05\/Act22_Footer_Logo-300x104.png\" alt=\"\" class=\"wp-image-577\" style=\"width:225px;height:78px\" srcset=\"https:\/\/prnosevende.com\/wp-content\/uploads\/2023\/05\/Act22_Footer_Logo-300x104.png 300w, https:\/\/prnosevende.com\/wp-content\/uploads\/2023\/05\/Act22_Footer_Logo.png 481w\" sizes=\"auto, (max-width: 300px) 100vw, 300px\" \/><\/figure>\n\n\n\n<div class=\"wp-block-buttons is-content-justification-center is-layout-flex wp-container-core-buttons-is-layout-b38d7f6c wp-block-buttons-is-layout-flex\" style=\"margin-top:var(--wp--preset--spacing--70);margin-bottom:var(--wp--preset--spacing--50)\">\n<div class=\"wp-block-button\"><a class=\"wp-block-button__link wp-element-button\" href=\"https:\/\/prnosevende.com\/en\/donar\/\">DONAR | \u25ba<\/a><\/div>\n<\/div>\n<\/div><\/div>","protected":false},"excerpt":{"rendered":"","protected":false},"author":4,"featured_media":0,"parent":0,"menu_order":0,"comment_status":"closed","ping_status":"closed","template":"","meta":{"_coblocks_attr":"","_coblocks_dimensions":"","_coblocks_responsive_height":"","_coblocks_accordion_ie_support":"","om_disable_all_campaigns":false,"footnotes":""},"class_list":["post-389","page","type-page","status-publish","hentry"],"jetpack_sharing_enabled":true,"_links":{"self":[{"href":"https:\/\/prnosevende.com\/en\/wp-json\/wp\/v2\/pages\/389","targetHints":{"allow":["GET"]}}],"collection":[{"href":"https:\/\/prnosevende.com\/en\/wp-json\/wp\/v2\/pages"}],"about":[{"href":"https:\/\/prnosevende.com\/en\/wp-json\/wp\/v2\/types\/page"}],"author":[{"embeddable":true,"href":"https:\/\/prnosevende.com\/en\/wp-json\/wp\/v2\/users\/4"}],"replies":[{"embeddable":true,"href":"https:\/\/prnosevende.com\/en\/wp-json\/wp\/v2\/comments?post=389"}],"version-history":[{"count":31,"href":"https:\/\/prnosevende.com\/en\/wp-json\/wp\/v2\/pages\/389\/revisions"}],"predecessor-version":[{"id":3994,"href":"https:\/\/prnosevende.com\/en\/wp-json\/wp\/v2\/pages\/389\/revisions\/3994"}],"wp:attachment":[{"href":"https:\/\/prnosevende.com\/en\/wp-json\/wp\/v2\/media?parent=389"}],"curies":[{"name":"wp","href":"https:\/\/api.w.org\/{rel}","templated":true}]}}