{"id":927,"date":"2024-10-01T17:59:18","date_gmt":"2024-10-01T21:59:18","guid":{"rendered":"https:\/\/myhomepage33.wpcomstaging.com\/?page_id=927"},"modified":"2024-10-08T19:27:07","modified_gmt":"2024-10-08T19:27:07","slug":"sobre-nosotres","status":"publish","type":"page","link":"https:\/\/prnosevende.com\/en\/sobre-nosotres\/","title":{"rendered":"About Us"},"content":{"rendered":"<div class=\"wp-block-group alignfull has-global-padding is-layout-constrained wp-container-core-group-is-layout-c19476fc wp-block-group-is-layout-constrained\">\n<div class=\"wp-block-group alignfull has-global-padding is-content-justification-center is-layout-constrained wp-container-core-group-is-layout-8e758ccc wp-block-group-is-layout-constrained\" style=\"margin-top:0;margin-bottom:0;padding-top:0;padding-right:var(--wp--preset--spacing--10);padding-bottom:0;padding-left:var(--wp--preset--spacing--10)\">\n<div class=\"wp-block-group alignwide is-layout-flow wp-container-core-group-is-layout-dc35bc7e wp-block-group-is-layout-flow\" style=\"margin-top:0;margin-bottom:0\">\n<div class=\"wp-block-group alignfull has-global-padding is-content-justification-center is-layout-constrained wp-block-group-is-layout-constrained\" style=\"margin-top:0;margin-bottom:0\">\n<div style=\"height:25px\" aria-hidden=\"true\" class=\"wp-block-spacer\"><\/div>\n\n\n\n<div class=\"wp-block-group is-layout-flow wp-block-group-is-layout-flow\">\n<div class=\"wp-block-columns alignwide are-vertically-aligned-top is-layout-flex wp-container-core-columns-is-layout-5c8fb865 wp-block-columns-is-layout-flex\">\n<div class=\"wp-block-column is-vertically-aligned-top has-global-padding is-content-justification-left is-layout-constrained wp-container-core-column-is-layout-9f866891 wp-block-column-is-layout-constrained\">\n<h1 class=\"wp-block-heading is-style-asterisk\"><strong>About Us<\/strong><\/h1>\n<\/div>\n\n\n\n<div class=\"wp-block-column is-vertically-aligned-bottom is-layout-flow wp-block-column-is-layout-flow\" style=\"flex-basis:40%\">\n<p class=\"has-text-align-left has-contrast-2-color has-text-color has-link-color wp-elements-6a0a900ce8a7237092af6c3f1c4e3fcc\"><strong><a href=\"http:\/\/prnosevende.com\/en\/\">#NotYourTaxHaven<\/a> <\/strong><\/p>\n<\/div>\n<\/div>\n<\/div>\n<\/div>\n\n\n\n<div style=\"height:22px\" aria-hidden=\"true\" class=\"wp-block-spacer\"><\/div>\n\n\n\n<figure class=\"wp-block-image aligncenter size-large is-style-default wp-duotone-unset-1\"><img loading=\"lazy\" decoding=\"async\" width=\"1024\" height=\"576\" src=\"https:\/\/prnosevende.com\/wp-content\/uploads\/2024\/10\/PRNSV_Plaza-las-Americas-1024x576.png\" alt=\"\" class=\"wp-image-3928\" style=\"aspect-ratio:1;object-fit:cover\" srcset=\"https:\/\/prnosevende.com\/wp-content\/uploads\/2024\/10\/PRNSV_Plaza-las-Americas-1024x576.png 1024w, https:\/\/prnosevende.com\/wp-content\/uploads\/2024\/10\/PRNSV_Plaza-las-Americas-300x169.png 300w, https:\/\/prnosevende.com\/wp-content\/uploads\/2024\/10\/PRNSV_Plaza-las-Americas-150x84.png 150w, https:\/\/prnosevende.com\/wp-content\/uploads\/2024\/10\/PRNSV_Plaza-las-Americas-768x432.png 768w, https:\/\/prnosevende.com\/wp-content\/uploads\/2024\/10\/PRNSV_Plaza-las-Americas.png 1065w\" sizes=\"auto, (max-width: 1024px) 100vw, 1024px\" \/><\/figure>\n\n\n\n<p class=\"has-text-align-left has-contrast-color has-text-color has-link-color has-small-font-size wp-elements-826d5b4a3a8e6b25baf9c27ce0357331\" style=\"padding-top:0;padding-right:var(--wp--preset--spacing--20);padding-bottom:0;padding-left:var(--wp--preset--spacing--20)\"><em>\u00a1PUERTO RICO PA\u2019 SU GENTE! The Puerto Rico No Se Vende Coalition at Plaza las Am\u00e9ricas <\/em><em>Diciembre 2023<\/em><\/p>\n<\/div>\n<\/div>\n\n\n\n<div class=\"wp-block-columns are-vertically-aligned-center is-layout-flex wp-container-core-columns-is-layout-675ddfd8 wp-block-columns-is-layout-flex\" style=\"padding-right:0\">\n<div class=\"wp-block-column is-vertically-aligned-center is-layout-flow wp-block-column-is-layout-flow\" style=\"flex-basis:100%\">\n<h2 class=\"wp-block-heading is-style-default has-contrast-color has-text-color has-link-color wp-elements-10b087f177b1fb8184eaf8264a4417be\">Nuestra Campa\u00f1a<\/h2>\n\n\n\n<p class=\"has-medium-font-size\"><strong><a href=\"http:\/\/prnosevende.com\/en\/\">#NotYourTaxHaven<\/a> <\/strong>is an organizing, policy directed and media campaign that seeks to educate our base and create points of pressure and discussion about Act 22 and its impacts. The campaign has a local strategy to expose the lack of government transparency, and denounce the economic and environmental impact and eliminate Act 22 (currently Act 60); as well as a federal strategy, which seeks to ensure adequate IRS oversight of Act 22 beneficiaries.<\/p>\n<\/div>\n<\/div>\n\n\n\n<div class=\"wp-block-columns is-layout-flex wp-container-core-columns-is-layout-675ddfd8 wp-block-columns-is-layout-flex\" style=\"padding-right:0\">\n<div class=\"wp-block-column is-layout-flow wp-block-column-is-layout-flow\">\n<h2 class=\"wp-block-heading has-contrast-color has-text-color has-link-color wp-elements-c85ef9b10acf670d695148fa6b875af4\">Act 22<\/h2>\n\n\n\n<p class=\"has-medium-font-size\">The inequity produced by low taxes\u2014available to those who have recently moved to Puerto Rico\u2014coupled with a lack of accountability, are only increasing poverty and displacement. Displacement and rising housing costs are forcing more Puerto Ricans out of their homes. This has led the people of Puerto Rico, who were already bearing the burden of an ongoing economic crisis, to also have to sustain wealthy tax avoiders.<br><br><strong>Puerto Rico No se Vende<\/strong> is a coalition of non-profit and community-based organizations directly affected by the results of the excessive granting of tax decrees that have resulted in increased housing costs and the displacement of families and communities.<\/p>\n\n\n\n<p class=\"has-contrast-2-color has-text-color has-link-color wp-elements-27f0d7d92e463f9f63c72a156fae7701\"><strong><em><a href=\"https:\/\/prnosevende.com\/en\/ley-22\/\" data-type=\"page\" data-id=\"703\">Learn more about Act 22 here. <\/a><\/em><\/strong><\/p>\n<\/div>\n<\/div>\n\n\n\n<div style=\"height:24px\" aria-hidden=\"true\" class=\"wp-block-spacer\"><\/div>\n\n\n\n<div aria-label=\"Carousel Gallery\" class=\"wp-block-coblocks-gallery-carousel alignfull\"><div class=\"coblocks-gallery-carousel-swiper-container is-cropped coblocks-gallery has-caption-style-dark has-horizontal-gutter has-no-thumbnails\"><div class=\"has-carousel has-carousel-med swiper-container\" data-swiper=\"{&quot;alignCells&quot;:false,&quot;autoPlay&quot;:true,&quot;autoPlaySpeed&quot;:3000,&quot;draggable&quot;:true,&quot;freeMode&quot;:false,&quot;loop&quot;:true,&quot;navigation&quot;:true,&quot;pageDots&quot;:false,&quot;pauseHover&quot;:true,&quot;responsiveHeight&quot;:false,&quot;slidesPerView&quot;:4,&quot;thumbnails&quot;:false,&quot;uuid&quot;:&quot;12345&quot;}\" style=\"height:599px\"><div class=\"swiper-wrapper\"><div class=\"swiper-slide\"><div class=\"coblocks-gallery--item\" role=\"button\" tabindex=\"0\"><figure class=\"coblocks-gallery--figure has-margin-left-5 has-margin-left-mobile-5 has-margin-right-5 has-margin-right-mobile-5\"><img loading=\"lazy\" decoding=\"async\" width=\"1024\" height=\"683\" alt=\"\" class=\"wp-image-3922\" data-id=\"3922\" data-link=\"https:\/\/prnosevende.com\/sobre-nosotros-2\/413926114_671793345134588_6794722696803343841_n\/\" src=\"https:\/\/prnosevende.com\/wp-content\/uploads\/2024\/10\/413926114_671793345134588_6794722696803343841_n-1024x683.jpg\" srcset=\"https:\/\/prnosevende.com\/wp-content\/uploads\/2024\/10\/413926114_671793345134588_6794722696803343841_n-1024x683.jpg 1024w, https:\/\/prnosevende.com\/wp-content\/uploads\/2024\/10\/413926114_671793345134588_6794722696803343841_n-300x200.jpg 300w, https:\/\/prnosevende.com\/wp-content\/uploads\/2024\/10\/413926114_671793345134588_6794722696803343841_n-150x100.jpg 150w, https:\/\/prnosevende.com\/wp-content\/uploads\/2024\/10\/413926114_671793345134588_6794722696803343841_n-768x512.jpg 768w, https:\/\/prnosevende.com\/wp-content\/uploads\/2024\/10\/413926114_671793345134588_6794722696803343841_n-1536x1024.jpg 1536w, https:\/\/prnosevende.com\/wp-content\/uploads\/2024\/10\/413926114_671793345134588_6794722696803343841_n.jpg 2048w\" sizes=\"auto, (max-width: 1024px) 100vw, 1024px\" \/><\/figure><figcaption class=\"coblocks-gallery--caption coblocks-gallery--primary-caption\"><\/figcaption><\/div><\/div><div class=\"swiper-slide\"><div class=\"coblocks-gallery--item\" role=\"button\" tabindex=\"1\"><figure class=\"coblocks-gallery--figure has-margin-left-5 has-margin-left-mobile-5 has-margin-right-5 has-margin-right-mobile-5\"><img loading=\"lazy\" decoding=\"async\" width=\"819\" height=\"1024\" alt=\"\" class=\"wp-image-3923\" data-id=\"3923\" data-link=\"https:\/\/prnosevende.com\/sobre-nosotros-2\/lobby-day\/\" src=\"https:\/\/prnosevende.com\/wp-content\/uploads\/2024\/10\/Lobby-day-819x1024.jpg\" srcset=\"https:\/\/prnosevende.com\/wp-content\/uploads\/2024\/10\/Lobby-day-819x1024.jpg 819w, https:\/\/prnosevende.com\/wp-content\/uploads\/2024\/10\/Lobby-day-240x300.jpg 240w, https:\/\/prnosevende.com\/wp-content\/uploads\/2024\/10\/Lobby-day-120x150.jpg 120w, https:\/\/prnosevende.com\/wp-content\/uploads\/2024\/10\/Lobby-day-768x960.jpg 768w, https:\/\/prnosevende.com\/wp-content\/uploads\/2024\/10\/Lobby-day.jpg 1080w\" sizes=\"auto, (max-width: 819px) 100vw, 819px\" \/><\/figure><figcaption class=\"coblocks-gallery--caption coblocks-gallery--primary-caption\"><\/figcaption><\/div><\/div><div class=\"swiper-slide\"><div class=\"coblocks-gallery--item\" role=\"button\" tabindex=\"2\"><figure class=\"coblocks-gallery--figure has-margin-left-5 has-margin-left-mobile-5 has-margin-right-5 has-margin-right-mobile-5\"><img loading=\"lazy\" decoding=\"async\" width=\"768\" height=\"1024\" alt=\"\" class=\"wp-image-3924\" data-id=\"3924\" data-link=\"https:\/\/prnosevende.com\/sobre-nosotros-2\/act-22-us-congress\/\" src=\"https:\/\/prnosevende.com\/wp-content\/uploads\/2024\/10\/Act-22-Us-Congress-768x1024.jpg\" srcset=\"https:\/\/prnosevende.com\/wp-content\/uploads\/2024\/10\/Act-22-Us-Congress-768x1024.jpg 768w, https:\/\/prnosevende.com\/wp-content\/uploads\/2024\/10\/Act-22-Us-Congress-225x300.jpg 225w, https:\/\/prnosevende.com\/wp-content\/uploads\/2024\/10\/Act-22-Us-Congress-113x150.jpg 113w, https:\/\/prnosevende.com\/wp-content\/uploads\/2024\/10\/Act-22-Us-Congress-1152x1536.jpg 1152w, https:\/\/prnosevende.com\/wp-content\/uploads\/2024\/10\/Act-22-Us-Congress.jpg 1200w\" sizes=\"auto, (max-width: 768px) 100vw, 768px\" \/><\/figure><figcaption class=\"coblocks-gallery--caption coblocks-gallery--primary-caption\"><\/figcaption><\/div><\/div><div class=\"swiper-slide\"><div class=\"coblocks-gallery--item\" role=\"button\" tabindex=\"3\"><figure class=\"coblocks-gallery--figure has-margin-left-5 has-margin-left-mobile-5 has-margin-right-5 has-margin-right-mobile-5\"><img loading=\"lazy\" decoding=\"async\" width=\"716\" height=\"1024\" alt=\"\" class=\"wp-image-3925\" data-id=\"3925\" data-link=\"https:\/\/prnosevende.com\/sobre-nosotros-2\/1-2\/\" src=\"https:\/\/prnosevende.com\/wp-content\/uploads\/2024\/10\/1-716x1024.png\" srcset=\"https:\/\/prnosevende.com\/wp-content\/uploads\/2024\/10\/1-716x1024.png 716w, https:\/\/prnosevende.com\/wp-content\/uploads\/2024\/10\/1-210x300.png 210w, https:\/\/prnosevende.com\/wp-content\/uploads\/2024\/10\/1-105x150.png 105w, https:\/\/prnosevende.com\/wp-content\/uploads\/2024\/10\/1-768x1099.png 768w, https:\/\/prnosevende.com\/wp-content\/uploads\/2024\/10\/1-1074x1536.png 1074w, https:\/\/prnosevende.com\/wp-content\/uploads\/2024\/10\/1.png 1398w\" sizes=\"auto, (max-width: 716px) 100vw, 716px\" \/><\/figure><figcaption class=\"coblocks-gallery--caption coblocks-gallery--primary-caption\"><\/figcaption><\/div><\/div><div class=\"swiper-slide\"><div class=\"coblocks-gallery--item\" role=\"button\" tabindex=\"4\"><figure class=\"coblocks-gallery--figure has-margin-left-5 has-margin-left-mobile-5 has-margin-right-5 has-margin-right-mobile-5\"><img loading=\"lazy\" decoding=\"async\" width=\"1024\" height=\"683\" alt=\"\" class=\"wp-image-3926\" data-id=\"3926\" data-link=\"https:\/\/prnosevende.com\/sobre-nosotros-2\/taxthegentry-2\/\" src=\"https:\/\/prnosevende.com\/wp-content\/uploads\/2024\/10\/TaxTheGentry-1-1024x683.png\" srcset=\"https:\/\/prnosevende.com\/wp-content\/uploads\/2024\/10\/TaxTheGentry-1-1024x683.png 1024w, https:\/\/prnosevende.com\/wp-content\/uploads\/2024\/10\/TaxTheGentry-1-300x200.png 300w, https:\/\/prnosevende.com\/wp-content\/uploads\/2024\/10\/TaxTheGentry-1-150x100.png 150w, https:\/\/prnosevende.com\/wp-content\/uploads\/2024\/10\/TaxTheGentry-1-768x512.png 768w, https:\/\/prnosevende.com\/wp-content\/uploads\/2024\/10\/TaxTheGentry-1.png 1200w\" sizes=\"auto, (max-width: 1024px) 100vw, 1024px\" \/><\/figure><figcaption class=\"coblocks-gallery--caption coblocks-gallery--primary-caption\"><\/figcaption><\/div><\/div><\/div><button class=\"nav-button__prev\" id=\"12345-prev\"><svg class=\"icon\" style=\"transform:rotate(180deg)\"><\/svg><\/button><button class=\"nav-button__next\" id=\"12345-next\"><svg class=\"icon\"><\/svg><\/button><\/div><\/div><\/div>\n\n\n\n<div class=\"wp-block-columns is-layout-flex wp-container-core-columns-is-layout-675ddfd8 wp-block-columns-is-layout-flex\" style=\"padding-right:0\">\n<div class=\"wp-block-column is-layout-flow wp-block-column-is-layout-flow\">\n<div style=\"height:24px\" aria-hidden=\"true\" class=\"wp-block-spacer\"><\/div>\n\n\n\n<h2 class=\"wp-block-heading has-contrast-color has-text-color has-link-color wp-elements-49bf10de4b04bff2732576a0740bef3d\">Coalition Members<\/h2>\n\n\n\n<p class=\"has-medium-font-size\">The <em>PR No Se Vende Coalition<\/em> currently includes more than a dozen community and nonprofit organizations, both in Puerto Rico and the diaspora: <\/p>\n\n\n\n<div class=\"wp-block-columns has-medium-font-size is-layout-flex wp-container-core-columns-is-layout-65eef5bf wp-block-columns-is-layout-flex\" style=\"font-style:italic;font-weight:400\">\n<div class=\"wp-block-column is-layout-flow wp-block-column-is-layout-flow\">\n<ul class=\"wp-block-list\">\n<li class=\"has-medium-font-size\">Popular Democracy &amp; Popular Democracy in Action <strong> <\/strong><\/li>\n\n\n\n<li>Construyamos Otro Acuerdo<\/li>\n\n\n\n<li>VAMOS Puerto Rico<\/li>\n\n\n\n<li>Mi Patria<\/li>\n\n\n\n<li>Proyecto Metamorfosis<\/li>\n\n\n\n<li>Revive PR Project<\/li>\n\n\n\n<li>Puerta de Tierra No se Vende<\/li>\n\n\n\n<li>Abolish Act 60<\/li>\n\n\n\n<li>Residentes de Puerta de Tierra<\/li>\n\n\n\n<li> Old San Juan Residents Association<\/li>\n\n\n\n<li> Escambr\u00f3n Unido<\/li>\n\n\n\n<li>Condominium Owners Association<\/li>\n\n\n\n<li>Machuchal Revive Residents Association<\/li>\n\n\n\n<li>Puerta de Tierra se Defiende<\/li>\n<\/ul>\n<\/div>\n\n\n\n<div class=\"wp-block-column is-vertically-aligned-stretch is-layout-flow wp-block-column-is-layout-flow\">\n<ul class=\"wp-block-list is-style-default\">\n<li>Diaspora in Resistencia<\/li>\n\n\n\n<li>Puerta de Tierra No se Vende<\/li>\n\n\n\n<li>Boricuas Unidos en la Di\u00e1spora PR<\/li>\n\n\n\n<li>Residentes de Puerta de Tierra<\/li>\n\n\n\n<li>Make the Road Family<\/li>\n\n\n\n<li class=\"has-medium-font-size\">CASA<\/li>\n\n\n\n<li>Churches United for Fair Housing<\/li>\n\n\n\n<li>New York Communities for Change<\/li>\n\n\n\n<li>Action NC<\/li>\n\n\n\n<li>Florida Rising<\/li>\n\n\n\n<li>Puerta de Tierra No se Vende<\/li>\n\n\n\n<li>Boricuas Unidos en la Di\u00e1spora PR<\/li>\n\n\n\n<li>Residentes de Puerta de Tierra<\/li>\n<\/ul>\n<\/div>\n<\/div>\n<\/div>\n<\/div>\n\n\n\n<div style=\"height:24px\" aria-hidden=\"true\" class=\"wp-block-spacer\"><\/div>\n<\/div>\n\n\n\n<div class=\"wp-block-group alignfull has-global-padding is-layout-constrained wp-container-core-group-is-layout-d89aad35 wp-block-group-is-layout-constrained\" style=\"margin-top:0;margin-bottom:0;padding-top:var(--wp--preset--spacing--50);padding-right:var(--wp--preset--spacing--50);padding-bottom:var(--wp--preset--spacing--50);padding-left:var(--wp--preset--spacing--50)\">\n<div class=\"wp-block-group alignwide has-background has-global-padding is-layout-constrained wp-container-core-group-is-layout-39412042 wp-block-group-is-layout-constrained\" style=\"border-radius:0px;background-color:#00b2ff;padding-top:var(--wp--preset--spacing--40);padding-right:var(--wp--preset--spacing--50);padding-bottom:var(--wp--preset--spacing--40);padding-left:var(--wp--preset--spacing--50)\">\n<div style=\"height:var(--wp--preset--spacing--10)\" aria-hidden=\"true\" class=\"wp-block-spacer\"><\/div>\n\n\n\n<h2 class=\"wp-block-heading has-text-align-center has-base-color has-text-color has-link-color has-large-font-size wp-elements-a81f6a26cca1fcf0c99bdb056b4958b9\">\ud83c\uddf5\ud83c\uddf7<br>\u00a1\u00bfEst\u00e1s ready?!\u00a1\u00danete a la Lucha!<\/h2>\n\n\n\n<div class=\"wp-block-buttons is-content-justification-center is-layout-flex wp-container-core-buttons-is-layout-a89b3969 wp-block-buttons-is-layout-flex\">\n<div class=\"wp-block-button\"><a class=\"wp-block-button__link wp-element-button\" href=\"https:\/\/prnosevende.com\/en\/toma-accion\/\">Toma acci\u00f3n<\/a><\/div>\n<\/div>\n\n\n\n<div style=\"height:var(--wp--preset--spacing--10)\" aria-hidden=\"true\" class=\"wp-block-spacer\"><\/div>\n<\/div>\n<\/div>\n\n\n\n<p><\/p>","protected":false},"excerpt":{"rendered":"<p>Sobre Nosotres #NotYourTaxHaven \u00a1PUERTO RICO PA&#8217; SU GENTE! La Coalici\u00f3n Puerto Rico No Se Vende dando una parranda en Plaza las Am\u00e9ricas. Diciembre 2023 Nuestra Campa\u00f1a #NotYourTaxHaven es una campa\u00f1a organizativa, de pol\u00edtica p\u00fablica y digital, que busca educar a nuestra base y crear puntos de presi\u00f3n y discusi\u00f3n sobre la Ley 22 y sus [&hellip;]<\/p>\n","protected":false},"author":3,"featured_media":0,"parent":0,"menu_order":0,"comment_status":"closed","ping_status":"closed","template":"","meta":{"_coblocks_attr":"","_coblocks_dimensions":"","_coblocks_responsive_height":"","_coblocks_accordion_ie_support":"","om_disable_all_campaigns":false,"footnotes":""},"class_list":["post-927","page","type-page","status-publish","hentry"],"jetpack_sharing_enabled":true,"_links":{"self":[{"href":"https:\/\/prnosevende.com\/en\/wp-json\/wp\/v2\/pages\/927","targetHints":{"allow":["GET"]}}],"collection":[{"href":"https:\/\/prnosevende.com\/en\/wp-json\/wp\/v2\/pages"}],"about":[{"href":"https:\/\/prnosevende.com\/en\/wp-json\/wp\/v2\/types\/page"}],"author":[{"embeddable":true,"href":"https:\/\/prnosevende.com\/en\/wp-json\/wp\/v2\/users\/3"}],"replies":[{"embeddable":true,"href":"https:\/\/prnosevende.com\/en\/wp-json\/wp\/v2\/comments?post=927"}],"version-history":[{"count":17,"href":"https:\/\/prnosevende.com\/en\/wp-json\/wp\/v2\/pages\/927\/revisions"}],"predecessor-version":[{"id":4017,"href":"https:\/\/prnosevende.com\/en\/wp-json\/wp\/v2\/pages\/927\/revisions\/4017"}],"wp:attachment":[{"href":"https:\/\/prnosevende.com\/en\/wp-json\/wp\/v2\/media?parent=927"}],"curies":[{"name":"wp","href":"https:\/\/api.w.org\/{rel}","templated":true}]}}